{"id":357,"date":"2019-04-18T11:09:40","date_gmt":"2019-04-18T11:09:40","guid":{"rendered":"https:\/\/envothemes.com\/envo-ecommerce\/?page_id=40"},"modified":"2024-04-12T08:03:42","modified_gmt":"2024-04-12T11:03:42","slug":"home-2","status":"publish","type":"page","link":"https:\/\/seuroteirodeviagem.com.br\/","title":{"rendered":"Home"},"content":{"rendered":"\t\t<div data-elementor-type=\"wp-post\" data-elementor-id=\"357\" class=\"elementor elementor-357\" data-elementor-post-type=\"page\">\n\t\t\t\t<div class=\"elementor-element elementor-element-b743353 e-con-full e-flex e-con e-parent\" data-id=\"b743353\" data-element_type=\"container\" data-e-type=\"container\">\n\t\t\t\t<div class=\"elementor-element elementor-element-9196abc elementor--h-position-center elementor--v-position-middle elementor-arrows-position-inside elementor-pagination-position-inside elementor-widget elementor-widget-slides\" data-id=\"9196abc\" data-element_type=\"widget\" data-e-type=\"widget\" data-settings=\"{&quot;transition_speed&quot;:1000,&quot;navigation&quot;:&quot;both&quot;,&quot;autoplay&quot;:&quot;yes&quot;,&quot;pause_on_hover&quot;:&quot;yes&quot;,&quot;pause_on_interaction&quot;:&quot;yes&quot;,&quot;autoplay_speed&quot;:5000,&quot;infinite&quot;:&quot;yes&quot;,&quot;transition&quot;:&quot;slide&quot;}\" data-widget_type=\"slides.default\">\n\t\t\t\t<div class=\"elementor-widget-container\">\n\t\t\t\t\t\t\t\t\t<div class=\"elementor-swiper\">\n\t\t\t\t\t<div class=\"elementor-slides-wrapper elementor-main-swiper swiper\" role=\"region\" aria-roledescription=\"carousel\" aria-label=\"Slides\" dir=\"ltr\" data-animation=\"fadeInUp\">\n\t\t\t\t<div class=\"swiper-wrapper elementor-slides\">\n\t\t\t\t\t\t\t\t\t\t<div class=\"elementor-repeater-item-95c7279 swiper-slide\" role=\"group\" aria-roledescription=\"slide\"><div class=\"swiper-slide-bg\" role=\"img\" aria-label=\"thumb_15131841_cover_header\"><\/div><div class=\"swiper-slide-inner\" ><div class=\"swiper-slide-contents\"><div class=\"elementor-slide-heading\">Ver\u00e3o em Paris<\/div><div class=\"elementor-slide-description\">Lorem ipsum dolor sit amet consectetur adipiscing elit dolor<\/div><div  class=\"elementor-button elementor-slide-button elementor-size-sm\">Click Here<\/div><\/div><\/div><\/div>\t\t\t\t<\/div>\n\t\t\t\t\t\t\t<\/div>\n\t\t\t\t<\/div>\n\t\t\t\t\t\t\t\t<\/div>\n\t\t\t\t<\/div>\n\t\t\t\t<\/div>\n\t\t\t\t<section class=\"elementor-section elementor-top-section elementor-element elementor-element-dd38595 elementor-section-content-middle elementor-section-boxed elementor-section-height-default elementor-section-height-default\" data-id=\"dd38595\" data-element_type=\"section\" data-e-type=\"section\">\n\t\t\t\t\t\t<div class=\"elementor-container elementor-column-gap-default\">\n\t\t\t\t\t<div class=\"elementor-column elementor-col-100 elementor-top-column elementor-element elementor-element-bb036e8\" data-id=\"bb036e8\" data-element_type=\"column\" data-e-type=\"column\">\n\t\t\t<div class=\"elementor-widget-wrap elementor-element-populated\">\n\t\t\t\t\t\t<div class=\"elementor-element elementor-element-78f4339 elementor-widget-divider--view-line_text elementor-widget-divider--element-align-left elementor-widget-divider--separator-type-pattern elementor-widget elementor-widget-divider\" data-id=\"78f4339\" data-element_type=\"widget\" data-e-type=\"widget\" data-widget_type=\"divider.default\">\n\t\t\t\t<div class=\"elementor-widget-container\">\n\t\t\t\t\t\t\t<div class=\"elementor-divider\" style=\"--divider-pattern-url: url(&quot;data:image\/svg+xml,%3Csvg xmlns=&#039;http:\/\/www.w3.org\/2000\/svg&#039; preserveAspectRatio=&#039;none&#039; overflow=&#039;visible&#039; height=&#039;100%&#039; viewBox=&#039;0 0 20 16&#039; fill=&#039;none&#039; stroke=&#039;black&#039; stroke-width=&#039;1&#039; stroke-linecap=&#039;square&#039; stroke-miterlimit=&#039;10&#039;%3E%3Cg transform=&#039;translate(-12.000000, 0)&#039;%3E%3Cpath d=&#039;M28,0L10,18&#039;\/%3E%3Cpath d=&#039;M18,0L0,18&#039;\/%3E%3Cpath d=&#039;M48,0L30,18&#039;\/%3E%3Cpath d=&#039;M38,0L20,18&#039;\/%3E%3C\/g%3E%3C\/svg%3E&quot;);\">\n\t\t\t<span class=\"elementor-divider-separator\">\n\t\t\t\t\t\t\t<span class=\"elementor-divider__text elementor-divider__element\">\n\t\t\t\t<b>Roteiros<\/b> Destaque\t\t\t\t<\/span>\n\t\t\t\t\t\t<\/span>\n\t\t<\/div>\n\t\t\t\t\t\t<\/div>\n\t\t\t\t<\/div>\n\t\t\t\t\t<\/div>\n\t\t<\/div>\n\t\t\t\t\t<\/div>\n\t\t<\/section>\n\t\t<div class=\"elementor-element elementor-element-0c419da e-flex e-con-boxed e-con e-parent\" data-id=\"0c419da\" data-element_type=\"container\" data-e-type=\"container\">\n\t\t\t\t\t<div class=\"e-con-inner\">\n\t\t\t\t<div class=\"elementor-element elementor-element-1f5f36d elementor-widget elementor-widget-shortcode\" data-id=\"1f5f36d\" data-element_type=\"widget\" data-e-type=\"widget\" data-widget_type=\"shortcode.default\">\n\t\t\t\t<div class=\"elementor-widget-container\">\n\t\t\t\t\t\t\t<div class=\"elementor-shortcode\"><style id=\"sp_product_slider_dynamic_css402\">#wps-slider-section #sp-woo-product-slider-402.wps-product-section .wpsp-pagination-dot .swiper-pagination-bullet{ background-color:#cccccc; } #wps-slider-section #sp-woo-product-slider-402.wps-product-section .wpsp-pagination-dot .swiper-pagination-bullet.swiper-pagination-bullet-active{ background-color:#333333; }#wps-slider-section #sp-woo-product-slider-402.wps-product-section .wpsp-nav { color:#444444; background-color:transparent; border: 1px solid #aaaaaa; } #wps-slider-section #sp-woo-product-slider-402.wps-product-section .wpsp-nav:hover { color:#ffffff; background-color:#444444; border-color:#444444; } #wps-slider-section.wps-slider-section-402{ padding-top: 45px; }#wps-slider-section #sp-woo-product-slider-402.wps-product-section[data-layout=grid] { margin-left: -20px;}#wps-slider-section #sp-woo-product-slider-402 .wpsf-grid-item { padding-left: 20px; margin-bottom: 20px;}#wps-slider-section #sp-woo-product-slider-402 .wpsf-product-title a{ color: #444444; font-size: 15px; } #wps-slider-section #sp-woo-product-slider-402 .wpsf-product-title a:hover{ color: #955b89; }#wps-slider-section #sp-woo-product-slider-402 .wpsf-product-price { color: #222222; font-size: 14px; } #wps-slider-section #sp-woo-product-slider-402 .wpsf-product-price del span { color: #888888; }#wps-slider-section #sp-woo-product-slider-402.wps-product-section .star-rating span:before { color: #F4C100; } #wps-slider-section #sp-woo-product-slider-402.wps-product-section .star-rating:before{ color: #C8C8C8; }#wps-slider-section #sp-woo-product-slider-402 .wpsf-cart-button a:not(.sp-wqvpro-view-button):not(.sp-wqv-view-button){ color: #444444; background-color: transparent; border: 1px solid #222222; } #wps-slider-section #sp-woo-product-slider-402 .wpsf-cart-button a:not(.sp-wqvpro-view-button):not(.sp-wqv-view-button):hover, #wps-slider-section #sp-woo-product-slider-402 .wpsf-cart-button a.added_to_cart{ color: #ffffff; background-color: #222222; border-color: #222222; }#sp-woo-product-slider-402.sp-wps-custom-template .wps-product-image .wpsf-product-img,#sp-woo-product-slider-402.sp-wps-theme_one .wps-product-image { border: 1px solid #dddddd;}#wps-slider-section #sp-woo-product-slider-402.sp-wps-theme_one .wpsf-product:hover .wps-product-image, #sp-woo-product-slider-402.sp-wps-custom-template .sp-wps-product-image-area:hover .wps-product-image .wpsf-product-img { border-color: #dddddd;}#wps-slider-section #sp-woo-product-slider-402 .wps-pagination ul li .page-numbers {background: transparent; color: #5e5e5e; border: 2px solid #dddddd; } #wps-slider-section #sp-woo-product-slider-402 .wps-pagination ul li .page-numbers:hover,#wps-slider-section #sp-woo-product-slider-402 .wps-pagination ul li .page-numbers.current {background: #5e5e5e; color: #ffffff; border-color: #5e5e5e; }#wps-slider-section #sp-woo-product-slider-402 a.sp-wqv-view-button{ display: none; }<\/style><div id=\"wps-slider-section\" class=\"wps-slider-section wps-slider-section-402\">\n\t\t<div class=\"wps-preloader\" id=\"wps-preloader-402\" style=\"\">\n\t\t<img decoding=\"async\" src=\"https:\/\/seuroteirodeviagem.com.br\/wp-content\/plugins\/woo-product-slider\/src\/Admin\/assets\/images\/spinner.svg\" alt=\"loader-image\"\/>\n\t<\/div>\n\t\t\t<div id=\"sp-woo-product-slider-402\" class=\"wps-product-section sp-wps-theme_one\" data-swiper='{ \"pauseOnHover\": true, \"infinite\": true, \"slidesToShow\": 4, \"speed\": 600,\"spaceBetween\": 20, \"autoplay\": true, \"autoplaySpeed\": 3000, \"swipe\": true, \"draggable\": true,\"freeMode\":false,\"carousel_accessibility\": false,\"mousewheel\": false,\"adaptiveHeight\": false, \"slidesPerView\":{\"lg_desktop\":4, \"desktop\":3, \"tablet\":2, \"mobile\":1} }'  dir=\"ltr\" data-preloader=\"1\">\n\t\t\t<div class=\"swiper-wrapper\">\n\t\t<div class=\"wpsf-product  swiper-slide\">\n\t<div class=\"sp-wps-product-image-area\">\n\t\t<a href=\"https:\/\/seuroteirodeviagem.com.br\/?product=single-shirt\" class=\"wps-product-image\">\n\t<img fetchpriority=\"high\" decoding=\"async\" width=\"300\" height=\"200\" src=\"https:\/\/seuroteirodeviagem.com.br\/wp-content\/uploads\/2024\/03\/StockSnap_QXVSHD5FLF-300x200.webp\" class=\"wpsf-product-img wp-post-image\" alt=\"\" srcset=\"https:\/\/seuroteirodeviagem.com.br\/wp-content\/uploads\/2024\/03\/StockSnap_QXVSHD5FLF-300x200.webp 300w, https:\/\/seuroteirodeviagem.com.br\/wp-content\/uploads\/2024\/03\/StockSnap_QXVSHD5FLF-600x400.webp 600w, https:\/\/seuroteirodeviagem.com.br\/wp-content\/uploads\/2024\/03\/StockSnap_QXVSHD5FLF-1024x683.webp 1024w, https:\/\/seuroteirodeviagem.com.br\/wp-content\/uploads\/2024\/03\/StockSnap_QXVSHD5FLF-768x512.webp 768w, https:\/\/seuroteirodeviagem.com.br\/wp-content\/uploads\/2024\/03\/StockSnap_QXVSHD5FLF.webp 1280w\" sizes=\"(max-width: 300px) 100vw, 300px\" \/><\/a>\n\t\t<div class=\"sp-wps-product-details\">\n\t\t\t<div class=\"sp-wps-product-details-inner\">\n\t\t\t\t\t\t<div class=\"wpsf-product-title\"><a href=\"https:\/\/seuroteirodeviagem.com.br\/?product=single-shirt\">Single Shirt<\/a><\/div>\n\t\t<div class=\"wpsf-product-price\"> <del aria-hidden=\"true\"><span class=\"woocommerce-Price-amount amount\"><span class=\"woocommerce-Price-currencySymbol\">&#082;&#036;<\/span>30.00<\/span><\/del> <span class=\"screen-reader-text\">O pre\u00e7o original era: &#082;&#036;30.00.<\/span><ins aria-hidden=\"true\"><span class=\"woocommerce-Price-amount amount\"><span class=\"woocommerce-Price-currencySymbol\">&#082;&#036;<\/span>20.00<\/span><\/ins><span class=\"screen-reader-text\">O pre\u00e7o atual \u00e9: &#082;&#036;20.00.<\/span><\/div>\n\t\t<div class=\"wpsf-cart-button\"><p class=\"product woocommerce add_to_cart_inline \" style=\"border:4px solid #ccc; padding: 12px;\"><a href=\"\/index.php?rest_route=%2Fwp%2Fv2%2Fpages%2F357&#038;add-to-cart=322\" aria-describedby=\"woocommerce_loop_add_to_cart_link_describedby_322\" data-quantity=\"1\" class=\"button product_type_simple add_to_cart_button ajax_add_to_cart\" data-product_id=\"322\" data-product_sku=\"woo-single\" aria-label=\"Adicione ao carrinho: &ldquo;Single Shirt&rdquo;\" rel=\"nofollow\" data-success_message=\"\u201cSingle Shirt\u201d foi adicionado ao seu carrinho\" role=\"button\">Adicionar ao carrinho<\/a>\t<span id=\"woocommerce_loop_add_to_cart_link_describedby_322\" class=\"screen-reader-text\">\n\t\t\t<\/span>\n<\/p><\/div>\n\t\t\t\t<\/div> <!-- sp-wps-product-details-inner. -->\n\t\t<\/div> <!--  sp-wps-product-details. -->\n\t<\/div> <!-- sp-wps-product-image-area.  -->\n<\/div> <!-- wpsf-product. -->\n<div class=\"wpsf-product  swiper-slide\">\n\t<div class=\"sp-wps-product-image-area\">\n\t\t<a href=\"https:\/\/seuroteirodeviagem.com.br\/?product=black-pants\" class=\"wps-product-image\">\n\t<img decoding=\"async\" width=\"300\" height=\"200\" src=\"https:\/\/seuroteirodeviagem.com.br\/wp-content\/uploads\/2024\/03\/StockSnap_Y6SDOYW0KA-300x200.webp\" class=\"wpsf-product-img wp-post-image\" alt=\"\" srcset=\"https:\/\/seuroteirodeviagem.com.br\/wp-content\/uploads\/2024\/03\/StockSnap_Y6SDOYW0KA-300x200.webp 300w, https:\/\/seuroteirodeviagem.com.br\/wp-content\/uploads\/2024\/03\/StockSnap_Y6SDOYW0KA-600x400.webp 600w, https:\/\/seuroteirodeviagem.com.br\/wp-content\/uploads\/2024\/03\/StockSnap_Y6SDOYW0KA-1024x682.webp 1024w, https:\/\/seuroteirodeviagem.com.br\/wp-content\/uploads\/2024\/03\/StockSnap_Y6SDOYW0KA-768x512.webp 768w, https:\/\/seuroteirodeviagem.com.br\/wp-content\/uploads\/2024\/03\/StockSnap_Y6SDOYW0KA.webp 1280w\" sizes=\"(max-width: 300px) 100vw, 300px\" \/><\/a>\n\t\t<div class=\"sp-wps-product-details\">\n\t\t\t<div class=\"sp-wps-product-details-inner\">\n\t\t\t\t\t\t<div class=\"wpsf-product-title\"><a href=\"https:\/\/seuroteirodeviagem.com.br\/?product=black-pants\">Black pants<\/a><\/div>\n\t\t<div class=\"wpsf-product-price\"> <span class=\"woocommerce-Price-amount amount\" aria-hidden=\"true\"><span class=\"woocommerce-Price-currencySymbol\">&#082;&#036;<\/span>89.00<\/span> <span aria-hidden=\"true\">&ndash;<\/span> <span class=\"woocommerce-Price-amount amount\" aria-hidden=\"true\"><span class=\"woocommerce-Price-currencySymbol\">&#082;&#036;<\/span>99.00<\/span><span class=\"screen-reader-text\">Price range: &#082;&#036;89.00 through &#082;&#036;99.00<\/span><\/div>\n\t\t<div class=\"wpsf-cart-button\"><p class=\"product woocommerce add_to_cart_inline \" style=\"border:4px solid #ccc; padding: 12px;\"><a href=\"https:\/\/seuroteirodeviagem.com.br\/?product=black-pants\" aria-describedby=\"woocommerce_loop_add_to_cart_link_describedby_319\" data-quantity=\"1\" class=\"button product_type_variable\" data-product_id=\"319\" data-product_sku=\"\" aria-label=\"Selecione as op\u00e7\u00f5es para &ldquo;Black pants&rdquo;\" rel=\"nofollow\">Ver op\u00e7\u00f5es<\/a>\t<span id=\"woocommerce_loop_add_to_cart_link_describedby_319\" class=\"screen-reader-text\">\n\t\tEste produto tem v\u00e1rias variantes. As op\u00e7\u00f5es podem ser escolhidas na p\u00e1gina do produto\t<\/span>\n<\/p><\/div>\n\t\t\t\t<\/div> <!-- sp-wps-product-details-inner. -->\n\t\t<\/div> <!--  sp-wps-product-details. -->\n\t<\/div> <!-- sp-wps-product-image-area.  -->\n<\/div> <!-- wpsf-product. -->\n<div class=\"wpsf-product  swiper-slide\">\n\t<div class=\"sp-wps-product-image-area\">\n\t\t<a href=\"https:\/\/seuroteirodeviagem.com.br\/?product=top-pants-upper-2\" class=\"wps-product-image\">\n\t<img decoding=\"async\" width=\"300\" height=\"200\" src=\"https:\/\/seuroteirodeviagem.com.br\/wp-content\/uploads\/2022\/06\/pexels-godisable-jacob-794064-300x200.jpg\" class=\"wpsf-product-img wp-post-image\" alt=\"\" srcset=\"https:\/\/seuroteirodeviagem.com.br\/wp-content\/uploads\/2022\/06\/pexels-godisable-jacob-794064-300x200.jpg 300w, https:\/\/seuroteirodeviagem.com.br\/wp-content\/uploads\/2022\/06\/pexels-godisable-jacob-794064-600x400.jpg 600w, https:\/\/seuroteirodeviagem.com.br\/wp-content\/uploads\/2022\/06\/pexels-godisable-jacob-794064-1024x682.jpg 1024w, https:\/\/seuroteirodeviagem.com.br\/wp-content\/uploads\/2022\/06\/pexels-godisable-jacob-794064-768x512.jpg 768w, https:\/\/seuroteirodeviagem.com.br\/wp-content\/uploads\/2022\/06\/pexels-godisable-jacob-794064.jpg 1280w\" sizes=\"(max-width: 300px) 100vw, 300px\" \/><\/a>\n\t\t<div class=\"sp-wps-product-details\">\n\t\t\t<div class=\"sp-wps-product-details-inner\">\n\t\t\t\t\t\t<div class=\"wpsf-product-title\"><a href=\"https:\/\/seuroteirodeviagem.com.br\/?product=top-pants-upper-2\">Top pants upper<\/a><\/div>\n\t\t<div class=\"wpsf-cart-button\"><p class=\"product woocommerce add_to_cart_inline \" style=\"border:4px solid #ccc; padding: 12px;\"><a href=\"https:\/\/seuroteirodeviagem.com.br\/?product=top-pants-upper-2\" aria-describedby=\"woocommerce_loop_add_to_cart_link_describedby_494\" data-quantity=\"1\" class=\"button product_type_grouped\" data-product_id=\"494\" data-product_sku=\"\" aria-label=\"Ver produtos no grupo &ldquo;Top pants upper&rdquo;\" rel=\"nofollow\">Ver produtos<\/a>\t<span id=\"woocommerce_loop_add_to_cart_link_describedby_494\" class=\"screen-reader-text\">\n\t\t\t<\/span>\n<\/p><\/div>\n\t\t\t\t<\/div> <!-- sp-wps-product-details-inner. -->\n\t\t<\/div> <!--  sp-wps-product-details. -->\n\t<\/div> <!-- sp-wps-product-image-area.  -->\n<\/div> <!-- wpsf-product. -->\n\t\t\t<\/div> <!-- end swiper-wrapper tag  -->\n\t\t\t\t\t\t\t<!-- next \/ prev arrows -->\n\t\t\t<div class=\"wpsp-nav swiper-button-next\"><i class=\"fa fa-angle-right\"><\/i><\/div>\n\t\t\t<div class=\"wpsp-nav swiper-button-prev\"><i class=\"fa fa-angle-left\"><\/i><\/div>\n\t\t\t<!-- !next \/ prev arrows -->\n\t\t\t\t\t\t\t<!-- pagination dots -->\n\t\t\t<div class=\"wpsp-pagination-dot swiper-pagination\"><\/div>\n\t\t\t<!-- !pagination dots -->\n\t\t\t\t<\/div>\n<\/div>\n<\/div>\n\t\t\t\t\t\t<\/div>\n\t\t\t\t<\/div>\n\t\t\t\t\t<\/div>\n\t\t\t\t<\/div>\n\t\t\t\t<section class=\"elementor-section elementor-top-section elementor-element elementor-element-2054b0b elementor-section-height-min-height elementor-section-content-middle elementor-section-boxed elementor-section-height-default elementor-section-items-middle\" data-id=\"2054b0b\" data-element_type=\"section\" data-e-type=\"section\">\n\t\t\t\t\t\t<div class=\"elementor-container elementor-column-gap-default\">\n\t\t\t\t\t<div class=\"elementor-column elementor-col-50 elementor-top-column elementor-element elementor-element-7504679\" data-id=\"7504679\" data-element_type=\"column\" data-e-type=\"column\" data-settings=\"{&quot;background_background&quot;:&quot;classic&quot;}\">\n\t\t\t<div class=\"elementor-widget-wrap elementor-element-populated\">\n\t\t\t\t\t\t<div class=\"elementor-element elementor-element-5b34665 elementor-widget elementor-widget-text-editor\" data-id=\"5b34665\" data-element_type=\"widget\" data-e-type=\"widget\" data-widget_type=\"text-editor.default\">\n\t\t\t\t<div class=\"elementor-widget-container\">\n\t\t\t\t\t\t\t\t\t<p>Lorem ipsum dolor sit ame, se\u00a0<strong>adipiscing<\/strong> elit. Morbi imperdiet, mauris ac auctor dictum<\/p>\t\t\t\t\t\t\t\t<\/div>\n\t\t\t\t<\/div>\n\t\t\t\t<div class=\"elementor-element elementor-element-22b3659 elementor-align-left elementor-widget elementor-widget-button\" data-id=\"22b3659\" data-element_type=\"widget\" data-e-type=\"widget\" data-widget_type=\"button.default\">\n\t\t\t\t<div class=\"elementor-widget-container\">\n\t\t\t\t\t\t\t\t\t<div class=\"elementor-button-wrapper\">\n\t\t\t\t\t<a class=\"elementor-button elementor-button-link elementor-size-sm\" href=\"#\">\n\t\t\t\t\t\t<span class=\"elementor-button-content-wrapper\">\n\t\t\t\t\t\t<span class=\"elementor-button-icon\">\n\t\t\t\t<svg aria-hidden=\"true\" class=\"e-font-icon-svg e-fas-chevron-circle-right\" viewBox=\"0 0 512 512\" xmlns=\"http:\/\/www.w3.org\/2000\/svg\"><path d=\"M256 8c137 0 248 111 248 248S393 504 256 504 8 393 8 256 119 8 256 8zm113.9 231L234.4 103.5c-9.4-9.4-24.6-9.4-33.9 0l-17 17c-9.4 9.4-9.4 24.6 0 33.9L285.1 256 183.5 357.6c-9.4 9.4-9.4 24.6 0 33.9l17 17c9.4 9.4 24.6 9.4 33.9 0L369.9 273c9.4-9.4 9.4-24.6 0-34z\"><\/path><\/svg>\t\t\t<\/span>\n\t\t\t\t\t\t\t\t\t<span class=\"elementor-button-text\">Shop Now<\/span>\n\t\t\t\t\t<\/span>\n\t\t\t\t\t<\/a>\n\t\t\t\t<\/div>\n\t\t\t\t\t\t\t\t<\/div>\n\t\t\t\t<\/div>\n\t\t\t\t\t<\/div>\n\t\t<\/div>\n\t\t\t\t<div class=\"elementor-column elementor-col-50 elementor-top-column elementor-element elementor-element-3b1020c\" data-id=\"3b1020c\" data-element_type=\"column\" data-e-type=\"column\" data-settings=\"{&quot;background_background&quot;:&quot;classic&quot;}\">\n\t\t\t<div class=\"elementor-widget-wrap elementor-element-populated\">\n\t\t\t\t\t\t<div class=\"elementor-element elementor-element-72b84a5 elementor-widget elementor-widget-text-editor\" data-id=\"72b84a5\" data-element_type=\"widget\" data-e-type=\"widget\" data-widget_type=\"text-editor.default\">\n\t\t\t\t<div class=\"elementor-widget-container\">\n\t\t\t\t\t\t\t\t\t<p>Lorem ipsum dolor sit ame, se\u00a0<strong>adipiscing<\/strong> elit. Morbi imperdiet, mauris ac auctor dictum<\/p>\t\t\t\t\t\t\t\t<\/div>\n\t\t\t\t<\/div>\n\t\t\t\t<div class=\"elementor-element elementor-element-165f02b elementor-align-left elementor-widget elementor-widget-button\" data-id=\"165f02b\" data-element_type=\"widget\" data-e-type=\"widget\" data-widget_type=\"button.default\">\n\t\t\t\t<div class=\"elementor-widget-container\">\n\t\t\t\t\t\t\t\t\t<div class=\"elementor-button-wrapper\">\n\t\t\t\t\t<a class=\"elementor-button elementor-button-link elementor-size-sm\" href=\"#\">\n\t\t\t\t\t\t<span class=\"elementor-button-content-wrapper\">\n\t\t\t\t\t\t<span class=\"elementor-button-icon\">\n\t\t\t\t<svg aria-hidden=\"true\" class=\"e-font-icon-svg e-fas-chevron-circle-right\" viewBox=\"0 0 512 512\" xmlns=\"http:\/\/www.w3.org\/2000\/svg\"><path d=\"M256 8c137 0 248 111 248 248S393 504 256 504 8 393 8 256 119 8 256 8zm113.9 231L234.4 103.5c-9.4-9.4-24.6-9.4-33.9 0l-17 17c-9.4 9.4-9.4 24.6 0 33.9L285.1 256 183.5 357.6c-9.4 9.4-9.4 24.6 0 33.9l17 17c9.4 9.4 24.6 9.4 33.9 0L369.9 273c9.4-9.4 9.4-24.6 0-34z\"><\/path><\/svg>\t\t\t<\/span>\n\t\t\t\t\t\t\t\t\t<span class=\"elementor-button-text\">Shop Now<\/span>\n\t\t\t\t\t<\/span>\n\t\t\t\t\t<\/a>\n\t\t\t\t<\/div>\n\t\t\t\t\t\t\t\t<\/div>\n\t\t\t\t<\/div>\n\t\t\t\t\t<\/div>\n\t\t<\/div>\n\t\t\t\t\t<\/div>\n\t\t<\/section>\n\t\t\t\t<\/div>\n\t\t","protected":false},"excerpt":{"rendered":"<p>Ver\u00e3o em ParisLorem ipsum dolor sit amet consectetur adipiscing elit dolorClick Here Roteiros Destaque Lorem ipsum dolor sit ame, se\u00a0adipiscing elit. Morbi imperdiet, mauris ac auctor dictum Shop Now Lorem ipsum dolor sit ame, se\u00a0adipiscing elit. Morbi imperdiet, mauris ac auctor dictum Shop Now<\/p>\n","protected":false},"author":2,"featured_media":0,"parent":0,"menu_order":0,"comment_status":"closed","ping_status":"closed","template":"elementor_theme","meta":{"inline_featured_image":false,"footnotes":""},"class_list":["post-357","page","type-page","status-publish","hentry"],"_links":{"self":[{"href":"https:\/\/seuroteirodeviagem.com.br\/index.php?rest_route=\/wp\/v2\/pages\/357","targetHints":{"allow":["GET"]}}],"collection":[{"href":"https:\/\/seuroteirodeviagem.com.br\/index.php?rest_route=\/wp\/v2\/pages"}],"about":[{"href":"https:\/\/seuroteirodeviagem.com.br\/index.php?rest_route=\/wp\/v2\/types\/page"}],"author":[{"embeddable":true,"href":"https:\/\/seuroteirodeviagem.com.br\/index.php?rest_route=\/wp\/v2\/users\/2"}],"replies":[{"embeddable":true,"href":"https:\/\/seuroteirodeviagem.com.br\/index.php?rest_route=%2Fwp%2Fv2%2Fcomments&post=357"}],"version-history":[{"count":36,"href":"https:\/\/seuroteirodeviagem.com.br\/index.php?rest_route=\/wp\/v2\/pages\/357\/revisions"}],"predecessor-version":[{"id":541,"href":"https:\/\/seuroteirodeviagem.com.br\/index.php?rest_route=\/wp\/v2\/pages\/357\/revisions\/541"}],"wp:attachment":[{"href":"https:\/\/seuroteirodeviagem.com.br\/index.php?rest_route=%2Fwp%2Fv2%2Fmedia&parent=357"}],"curies":[{"name":"wp","href":"https:\/\/api.w.org\/{rel}","templated":true}]}}