{"id":20,"date":"2024-03-06T21:40:43","date_gmt":"2024-03-07T00:40:43","guid":{"rendered":"https:\/\/seuroteirodeviagem.com.br\/?post_type=product&#038;p=20"},"modified":"2024-03-14T09:04:39","modified_gmt":"2024-03-14T12:04:39","slug":"roteiro-espanha","status":"publish","type":"product","link":"https:\/\/seuroteirodeviagem.com.br\/?product=roteiro-espanha","title":{"rendered":"Roteiro Espanha"},"content":{"rendered":"<p><strong>Roteiro de 7 dias na Espanha<\/strong><br \/>\nSe o tempo que voc\u00ea tem para fazer seu roteiro Espanha for 7 dias, nossa dica \u00e9 que voc\u00ea se concentre nas cidades mais famosas do pa\u00eds: Madrid e Barcelona.<\/p>\n<p>Afinal, n\u00e3o \u00e9 \u00e0 toa que as cidades s\u00e3o as mais visitadas do pa\u00eds: muito al\u00e9m do esp\u00edrito cosmopolita de Madrid ou da agita\u00e7\u00e3o de Barcelona, as cidades s\u00e3o cheias de oportunidades de cultura e lazer tamb\u00e9m ao ar livre. Sem contar as possibilidades gastron\u00f4micas, n\u00e9? A culin\u00e1ria mediterr\u00e2nea \u00e9 um prato cheio, literalmente, para quem gosta de batatas, embutidos (como o presunto cru), frutos do mar e muito mais.<\/p>\n<p>Mas antes que d\u00ea \u00e1gua na boca, vamos ao que fazer em Madrid e em Barcelona entre uma tapa e outra.<\/p>\n<p><strong>Madrid<\/strong><br \/>\nMadrid \u00e9 uma revela\u00e7\u00e3o: uma cidade grande repleta de \u00e1reas verdes e valoriza\u00e7\u00e3o dos parques e da vida a p\u00e9, tanto que a cidade tem uma rede de metr\u00f4 de deixar qualquer brasileiro boquiaberto.<\/p>\n","protected":false},"excerpt":{"rendered":"<p>Se o tempo que voc\u00ea tem para fazer seu roteiro Espanha for 7 dias, nossa dica \u00e9 que voc\u00ea se concentre nas cidades mais famosas do pa\u00eds:\u00a0<strong>Madrid e Barcelona<\/strong>.<\/p>\n","protected":false},"featured_media":21,"comment_status":"open","ping_status":"closed","template":"","meta":{"inline_featured_image":false},"product_brand":[],"product_cat":[40,16,39,41],"product_tag":[],"class_list":{"0":"post-20","1":"product","2":"type-product","3":"status-publish","4":"has-post-thumbnail","6":"product_cat-america-do-norte","7":"product_cat-america-do-sul","8":"product_cat-asia","9":"product_cat-europa","11":"first","12":"instock","13":"sold-individually","14":"shipping-taxable","15":"purchasable","16":"product-type-variable"},"_links":{"self":[{"href":"https:\/\/seuroteirodeviagem.com.br\/index.php?rest_route=\/wp\/v2\/product\/20","targetHints":{"allow":["GET"]}}],"collection":[{"href":"https:\/\/seuroteirodeviagem.com.br\/index.php?rest_route=\/wp\/v2\/product"}],"about":[{"href":"https:\/\/seuroteirodeviagem.com.br\/index.php?rest_route=\/wp\/v2\/types\/product"}],"replies":[{"embeddable":true,"href":"https:\/\/seuroteirodeviagem.com.br\/index.php?rest_route=%2Fwp%2Fv2%2Fcomments&post=20"}],"wp:featuredmedia":[{"embeddable":true,"href":"https:\/\/seuroteirodeviagem.com.br\/index.php?rest_route=\/wp\/v2\/media\/21"}],"wp:attachment":[{"href":"https:\/\/seuroteirodeviagem.com.br\/index.php?rest_route=%2Fwp%2Fv2%2Fmedia&parent=20"}],"wp:term":[{"taxonomy":"product_brand","embeddable":true,"href":"https:\/\/seuroteirodeviagem.com.br\/index.php?rest_route=%2Fwp%2Fv2%2Fproduct_brand&post=20"},{"taxonomy":"product_cat","embeddable":true,"href":"https:\/\/seuroteirodeviagem.com.br\/index.php?rest_route=%2Fwp%2Fv2%2Fproduct_cat&post=20"},{"taxonomy":"product_tag","embeddable":true,"href":"https:\/\/seuroteirodeviagem.com.br\/index.php?rest_route=%2Fwp%2Fv2%2Fproduct_tag&post=20"}],"curies":[{"name":"wp","href":"https:\/\/api.w.org\/{rel}","templated":true}]}}